{"id":29,"date":"2022-06-23T04:42:11","date_gmt":"2022-06-23T04:42:11","guid":{"rendered":"https:\/\/datacloudgt.com\/?page_id=29"},"modified":"2022-06-27T23:34:34","modified_gmt":"2022-06-27T23:34:34","slug":"industries","status":"publish","type":"page","link":"https:\/\/datacloudgt.com\/es\/industrias\/","title":{"rendered":"Industrias"},"content":{"rendered":"<style>.elementor-29 .elementor-element.elementor-element-3d153218:not(.elementor-motion-effects-element-type-background), .elementor-29 .elementor-element.elementor-element-3d153218 > .elementor-motion-effects-container > .elementor-motion-effects-layer{background-color:var( --e-global-color-3737d3b );}.elementor-29 .elementor-element.elementor-element-3d153218 > .elementor-background-overlay{background-color:var( --e-global-color-3737d3b );background-image:url(\"https:\/\/datacloudgt.com\/wp-content\/uploads\/2022\/06\/network.png\");background-position:center center;background-repeat:no-repeat;background-size:cover;opacity:1;transition:background 0.3s, border-radius 0.3s, opacity 0.3s;}.elementor-29 .elementor-element.elementor-element-3d153218{transition:background 0.3s, border 0.3s, border-radius 0.3s, box-shadow 0.3s;margin-top:0px;margin-bottom:0px;padding:80px 0px 80px 0px;}.elementor-29 .elementor-element.elementor-element-378a87e8.elementor-column > .elementor-widget-wrap{justify-content:center;}.elementor-29 .elementor-element.elementor-element-378a87e8 > .elementor-element-populated{margin:0px 0px 0px 0px;--e-column-margin-right:0px;--e-column-margin-left:0px;}.elementor-29 .elementor-element.elementor-element-519cdb4c{text-align:center;}.elementor-29 .elementor-element.elementor-element-519cdb4c .elementor-heading-title{font-family:var( --e-global-typography-secondary-font-family ), Sans-serif;font-weight:var( --e-global-typography-secondary-font-weight );color:var( --e-global-color-c89a912 );}.elementor-29 .elementor-element.elementor-element-54db40c6 > .elementor-container > .elementor-column > .elementor-widget-wrap{align-content:center;align-items:center;}.elementor-29 .elementor-element.elementor-element-54db40c6:not(.elementor-motion-effects-element-type-background), .elementor-29 .elementor-element.elementor-element-54db40c6 > .elementor-motion-effects-container > .elementor-motion-effects-layer{background-color:#020228;}.elementor-29 .elementor-element.elementor-element-54db40c6 > .elementor-background-overlay{opacity:0.05;transition:background 0.3s, border-radius 0.3s, opacity 0.3s;}.elementor-29 .elementor-element.elementor-element-54db40c6{transition:background 0.3s, border 0.3s, border-radius 0.3s, box-shadow 0.3s;padding:40px 0px 40px 0px;z-index:0;}.elementor-29 .elementor-element.elementor-element-54db40c6 > .elementor-shape-bottom .elementor-shape-fill{fill:#020228;}.elementor-29 .elementor-element.elementor-element-54db40c6 > .elementor-shape-bottom svg{height:310px;transform:translateX(-50%) rotateY(180deg);}.elementor-bc-flex-widget .elementor-29 .elementor-element.elementor-element-e196685.elementor-column .elementor-widget-wrap{align-items:center;}.elementor-29 .elementor-element.elementor-element-e196685.elementor-column.elementor-element[data-element_type=\"column\"] > .elementor-widget-wrap.elementor-element-populated{align-content:center;align-items:center;}.elementor-29 .elementor-element.elementor-element-1f50585e{text-align:right;}.elementor-29 .elementor-element.elementor-element-1f50585e img{width:50%;}.elementor-29 .elementor-element.elementor-element-60e72fe9{margin-top:-35%;margin-bottom:0%;}.elementor-bc-flex-widget .elementor-29 .elementor-element.elementor-element-2747ed0b.elementor-column .elementor-widget-wrap{align-items:center;}.elementor-29 .elementor-element.elementor-element-2747ed0b.elementor-column.elementor-element[data-element_type=\"column\"] > .elementor-widget-wrap.elementor-element-populated{align-content:center;align-items:center;}.elementor-29 .elementor-element.elementor-element-2747ed0b > .elementor-element-populated{padding:0px 0px 0px 10px;}.elementor-29 .elementor-element.elementor-element-64d55c82 > .elementor-widget-container{padding:0px 50px 0px 0px;}.elementor-29 .elementor-element.elementor-element-64d55c82{text-align:left;font-family:var( --e-global-typography-text-font-family ), Sans-serif;font-weight:var( --e-global-typography-text-font-weight );color:var( --e-global-color-c89a912 );}.elementor-29 .elementor-element.elementor-element-0c6e45a > .elementor-widget-container{margin:0px 50px 0px 0px;}.elementor-29 .elementor-element.elementor-element-0c6e45a{color:var( --e-global-color-90975f0 );}.elementor-29 .elementor-element.elementor-element-3c7fe1ab .elementor-button{background-color:var( --e-global-color-text );fill:#FFFFFF;color:#FFFFFF;border-radius:50px 50px 50px 50px;padding:20px 40px 20px 40px;}.elementor-29 .elementor-element.elementor-element-3c7fe1ab .elementor-button:hover, .elementor-29 .elementor-element.elementor-element-3c7fe1ab .elementor-button:focus{background-color:var( --e-global-color-accent );}.elementor-29 .elementor-element.elementor-element-3c7fe1ab > .elementor-widget-container{margin:0px 0px 0px 0px;}.elementor-29 .elementor-element.elementor-element-a869c5d.elementor-column > .elementor-widget-wrap{justify-content:flex-end;}.elementor-29 .elementor-element.elementor-element-07ec0a0:not(.elementor-motion-effects-element-type-background), .elementor-29 .elementor-element.elementor-element-07ec0a0 > .elementor-motion-effects-container > .elementor-motion-effects-layer{background-color:var( --e-global-color-3737d3b );}.elementor-29 .elementor-element.elementor-element-07ec0a0{transition:background 0.3s, border 0.3s, border-radius 0.3s, box-shadow 0.3s;}.elementor-29 .elementor-element.elementor-element-07ec0a0 > .elementor-background-overlay{transition:background 0.3s, border-radius 0.3s, opacity 0.3s;}.elementor-29 .elementor-element.elementor-element-415e232{--spacer-size:50px;}.elementor-29 .elementor-element.elementor-element-dc7118e{text-align:center;}.elementor-29 .elementor-element.elementor-element-dc7118e .elementor-heading-title{font-size:39px;color:var( --e-global-color-c89a912 );}.elementor-29 .elementor-element.elementor-element-59c264b .swiper-slide{transition-duration:calc(5000ms*1.2);height:134px;}.elementor-29 .elementor-element.elementor-element-59c264b .swiper-slide-contents{max-width:45%;}.elementor-29 .elementor-element.elementor-element-59c264b .elementor-slide-heading{color:var( --e-global-color-48c8ad2 );font-size:32px;}.elementor-29 .elementor-element.elementor-element-59c264b .elementor-swiper-button{font-size:20px;}.elementor-29 .elementor-element.elementor-element-59c264b .swiper-pagination-bullet:not(.swiper-pagination-bullet-active){background-color:var( --e-global-color-c89a912 );opacity:var( --e-global-color-c89a912 );}.elementor-29 .elementor-element.elementor-element-59c264b .swiper-pagination-bullet-active{background-color:var( --e-global-color-accent );}.elementor-29 .elementor-element.elementor-element-1ea85ce{--spacer-size:70px;}:root{--page-title-display:none;}@media(max-width:1024px){.elementor-29 .elementor-element.elementor-element-3d153218{margin-top:-94px;margin-bottom:0px;padding:160px 0px 150px 0px;}.elementor-29 .elementor-element.elementor-element-1f50585e{text-align:center;}.elementor-29 .elementor-element.elementor-element-1f50585e img{width:70%;}.elementor-29 .elementor-element.elementor-element-60e72fe9{margin-top:0px;margin-bottom:0px;}.elementor-29 .elementor-element.elementor-element-64d55c82 > .elementor-widget-container{margin:0px 0px 0px 0px;}.elementor-29 .elementor-element.elementor-element-3c7fe1ab > .elementor-widget-container{margin:0px 0px 0px 0px;}}@media(max-width:767px){.elementor-29 .elementor-element.elementor-element-3d153218{padding:160px 0px 120px 0px;}.elementor-29 .elementor-element.elementor-element-378a87e8 > .elementor-element-populated{padding:0px 10px 0px 10px;}.elementor-29 .elementor-element.elementor-element-e196685 > .elementor-element-populated{margin:0px 0px 0px 0px;--e-column-margin-right:0px;--e-column-margin-left:0px;}.elementor-29 .elementor-element.elementor-element-1f50585e img{width:100%;}.elementor-29 .elementor-element.elementor-element-64d55c82 > .elementor-widget-container{padding:0px 0px 0px 0px;}.elementor-29 .elementor-element.elementor-element-3c7fe1ab .elementor-button{padding:18px 32px 18px 32px;}}@media(min-width:768px){.elementor-29 .elementor-element.elementor-element-2747ed0b{width:56.754%;}.elementor-29 .elementor-element.elementor-element-a869c5d{width:43.202%;}}@media(max-width:1024px) and (min-width:768px){.elementor-29 .elementor-element.elementor-element-2747ed0b{width:100%;}}<\/style>\t\t<div data-elementor-type=\"wp-page\" data-elementor-id=\"29\" class=\"elementor elementor-29\" data-elementor-post-type=\"page\">\n\t\t\t\t\t\t<section class=\"elementor-section elementor-top-section elementor-element elementor-element-3d153218 elementor-section-boxed elementor-section-height-default elementor-section-height-default\" data-id=\"3d153218\" data-element_type=\"section\" data-settings=\"{&quot;background_background&quot;:&quot;classic&quot;}\">\n\t\t\t\t\t\t\t<div class=\"elementor-background-overlay\"><\/div>\n\t\t\t\t\t\t\t<div class=\"elementor-container elementor-column-gap-default\">\n\t\t\t\t\t<div class=\"elementor-column elementor-col-100 elementor-top-column elementor-element elementor-element-378a87e8\" data-id=\"378a87e8\" data-element_type=\"column\">\n\t\t\t<div class=\"elementor-widget-wrap elementor-element-populated\">\n\t\t\t\t\t\t<div class=\"elementor-element elementor-element-519cdb4c elementor-widget elementor-widget-heading\" data-id=\"519cdb4c\" data-element_type=\"widget\" data-widget_type=\"heading.default\">\n\t\t\t\t<div class=\"elementor-widget-container\">\n\t\t\t\t\t<h1 class=\"elementor-heading-title elementor-size-default\">Industrias<\/h1>\t\t\t\t<\/div>\n\t\t\t\t<\/div>\n\t\t\t\t\t<\/div>\n\t\t<\/div>\n\t\t\t\t\t<\/div>\n\t\t<\/section>\n\t\t\t\t<section class=\"elementor-section elementor-top-section elementor-element elementor-element-54db40c6 elementor-section-full_width elementor-section-content-middle elementor-section-height-default elementor-section-height-default\" data-id=\"54db40c6\" data-element_type=\"section\" data-settings=\"{&quot;background_background&quot;:&quot;classic&quot;,&quot;shape_divider_bottom&quot;:&quot;tilt&quot;}\">\n\t\t\t\t\t\t\t<div class=\"elementor-background-overlay\"><\/div>\n\t\t\t\t\t\t<div class=\"elementor-shape elementor-shape-bottom\" aria-hidden=\"true\" data-negative=\"false\">\n\t\t\t<svg xmlns=\"http:\/\/www.w3.org\/2000\/svg\" viewbox=\"0 0 1000 100\" preserveaspectratio=\"none\">\n\t<path class=\"elementor-shape-fill\" d=\"M0,6V0h1000v100L0,6z\"\/>\n<\/svg>\t\t<\/div>\n\t\t\t\t\t<div class=\"elementor-container elementor-column-gap-default\">\n\t\t\t\t\t<div class=\"elementor-column elementor-col-100 elementor-top-column elementor-element elementor-element-e196685\" data-id=\"e196685\" data-element_type=\"column\">\n\t\t\t<div class=\"elementor-widget-wrap elementor-element-populated\">\n\t\t\t\t\t\t<div class=\"elementor-element elementor-element-1f50585e animated-slow elementor-invisible elementor-widget elementor-widget-image\" data-id=\"1f50585e\" data-element_type=\"widget\" data-settings=\"{&quot;_animation&quot;:&quot;fadeInRight&quot;}\" data-widget_type=\"image.default\">\n\t\t\t\t<div class=\"elementor-widget-container\">\n\t\t\t\t\t\t\t\t\t\t\t\t\t\t\t<img fetchpriority=\"high\" decoding=\"async\" width=\"900\" height=\"600\" src=\"https:\/\/datacloudgt.com\/wp-content\/uploads\/2022\/06\/data.png\" class=\"elementor-animation-hang attachment-full size-full wp-image-160\" alt=\"\" srcset=\"https:\/\/datacloudgt.com\/wp-content\/uploads\/2022\/06\/data.png 900w, https:\/\/datacloudgt.com\/wp-content\/uploads\/2022\/06\/data-300x200.png 300w, https:\/\/datacloudgt.com\/wp-content\/uploads\/2022\/06\/data-768x512.png 768w, https:\/\/datacloudgt.com\/wp-content\/uploads\/2022\/06\/data-18x12.png 18w\" sizes=\"(max-width: 900px) 100vw, 900px\" \/>\t\t\t\t\t\t\t\t\t\t\t\t\t\t\t<\/div>\n\t\t\t\t<\/div>\n\t\t\t\t<section class=\"elementor-section elementor-inner-section elementor-element elementor-element-60e72fe9 elementor-section-boxed elementor-section-height-default elementor-section-height-default\" data-id=\"60e72fe9\" data-element_type=\"section\">\n\t\t\t\t\t\t<div class=\"elementor-container elementor-column-gap-no\">\n\t\t\t\t\t<div class=\"elementor-column elementor-col-50 elementor-inner-column elementor-element elementor-element-2747ed0b\" data-id=\"2747ed0b\" data-element_type=\"column\">\n\t\t\t<div class=\"elementor-widget-wrap elementor-element-populated\">\n\t\t\t\t\t\t<div class=\"elementor-element elementor-element-64d55c82 elementor-widget elementor-widget-text-editor\" data-id=\"64d55c82\" data-element_type=\"widget\" data-widget_type=\"text-editor.default\">\n\t\t\t\t<div class=\"elementor-widget-container\">\n\t\t\t\t\t\t\t\t\t<p>Estamos presentes en el mercado ya que atendemos a un amplio abanico de sectores, con diversos servicios de Cloud &amp; IT realizados a nivel nacional y global para potenciar empresas, proyectos y tendencias.<\/p><p>Reconocemos que obtener toda la informaci\u00f3n t\u00e9cnica para su negocio puede ser dif\u00edcil debido a la necesidad de gestionar cosas que est\u00e1n fuera de su control, como servidores a nivel global o incluso la propia nube, y que todo esto es muy abstracto, por lo que proporcionamos todas las herramientas, informaci\u00f3n y servicios, proporcion\u00e1ndole una soluci\u00f3n a cualquier problema que pueda surgir.<\/p>\t\t\t\t\t\t\t\t<\/div>\n\t\t\t\t<\/div>\n\t\t\t\t<div class=\"elementor-element elementor-element-0c6e45a elementor-widget elementor-widget-text-editor\" data-id=\"0c6e45a\" data-element_type=\"widget\" data-widget_type=\"text-editor.default\">\n\t\t\t\t<div class=\"elementor-widget-container\">\n\t\t\t\t\t\t\t\t\t<p>Si su sector no est\u00e1 incluido, p\u00f3ngase en contacto con nosotros para que podamos proporcionarle la evaluaci\u00f3n adecuada.<\/p>\t\t\t\t\t\t\t\t<\/div>\n\t\t\t\t<\/div>\n\t\t\t\t<div class=\"elementor-element elementor-element-3c7fe1ab elementor-align-left elementor-widget elementor-widget-button\" data-id=\"3c7fe1ab\" data-element_type=\"widget\" data-widget_type=\"button.default\">\n\t\t\t\t<div class=\"elementor-widget-container\">\n\t\t\t\t\t\t\t\t\t<div class=\"elementor-button-wrapper\">\n\t\t\t\t\t<a class=\"elementor-button elementor-button-link elementor-size-sm elementor-animation-float\" href=\"https:\/\/datacloudgt.com\/index.php\/contact-us\/\">\n\t\t\t\t\t\t<span class=\"elementor-button-content-wrapper\">\n\t\t\t\t\t\t\t\t\t<span class=\"elementor-button-text\">Cont\u00e1ctenos<\/span>\n\t\t\t\t\t<\/span>\n\t\t\t\t\t<\/a>\n\t\t\t\t<\/div>\n\t\t\t\t\t\t\t\t<\/div>\n\t\t\t\t<\/div>\n\t\t\t\t\t<\/div>\n\t\t<\/div>\n\t\t\t\t<div class=\"elementor-column elementor-col-50 elementor-inner-column elementor-element elementor-element-a869c5d elementor-hidden-tablet elementor-hidden-phone\" data-id=\"a869c5d\" data-element_type=\"column\">\n\t\t\t<div class=\"elementor-widget-wrap\">\n\t\t\t\t\t\t\t<\/div>\n\t\t<\/div>\n\t\t\t\t\t<\/div>\n\t\t<\/section>\n\t\t\t\t\t<\/div>\n\t\t<\/div>\n\t\t\t\t\t<\/div>\n\t\t<\/section>\n\t\t\t\t<section class=\"elementor-section elementor-top-section elementor-element elementor-element-07ec0a0 elementor-section-boxed elementor-section-height-default elementor-section-height-default\" data-id=\"07ec0a0\" data-element_type=\"section\" data-settings=\"{&quot;background_background&quot;:&quot;classic&quot;}\">\n\t\t\t\t\t\t<div class=\"elementor-container elementor-column-gap-default\">\n\t\t\t\t\t<div class=\"elementor-column elementor-col-100 elementor-top-column elementor-element elementor-element-b454b2c\" data-id=\"b454b2c\" data-element_type=\"column\">\n\t\t\t<div class=\"elementor-widget-wrap elementor-element-populated\">\n\t\t\t\t\t\t<div class=\"elementor-element elementor-element-415e232 elementor-widget elementor-widget-spacer\" data-id=\"415e232\" data-element_type=\"widget\" data-widget_type=\"spacer.default\">\n\t\t\t\t<div class=\"elementor-widget-container\">\n\t\t\t\t\t\t\t<div class=\"elementor-spacer\">\n\t\t\t<div class=\"elementor-spacer-inner\"><\/div>\n\t\t<\/div>\n\t\t\t\t\t\t<\/div>\n\t\t\t\t<\/div>\n\t\t\t\t<div class=\"elementor-element elementor-element-dc7118e elementor-widget elementor-widget-heading\" data-id=\"dc7118e\" data-element_type=\"widget\" data-widget_type=\"heading.default\">\n\t\t\t\t<div class=\"elementor-widget-container\">\n\t\t\t\t\t<h2 class=\"elementor-heading-title elementor-size-default\">Industrias a las que servimos a nivel local<\/h2>\t\t\t\t<\/div>\n\t\t\t\t<\/div>\n\t\t\t\t<div class=\"elementor-element elementor-element-59c264b elementor--h-position-center elementor--v-position-middle elementor-arrows-position-inside elementor-pagination-position-inside elementor-widget elementor-widget-slides\" data-id=\"59c264b\" data-element_type=\"widget\" data-settings=\"{&quot;navigation&quot;:&quot;both&quot;,&quot;autoplay&quot;:&quot;yes&quot;,&quot;pause_on_hover&quot;:&quot;yes&quot;,&quot;pause_on_interaction&quot;:&quot;yes&quot;,&quot;autoplay_speed&quot;:5000,&quot;infinite&quot;:&quot;yes&quot;,&quot;transition&quot;:&quot;slide&quot;,&quot;transition_speed&quot;:500}\" data-widget_type=\"slides.default\">\n\t\t\t\t<div class=\"elementor-widget-container\">\n\t\t\t\t\t\t\t\t\t<div class=\"elementor-swiper\">\n\t\t\t\t\t<div class=\"elementor-slides-wrapper elementor-main-swiper swiper\" role=\"region\" aria-roledescription=\"carousel\" aria-label=\"Diapositivas\" dir=\"ltr\" data-animation=\"fadeInUp\">\n\t\t\t\t<div class=\"swiper-wrapper elementor-slides\">\n\t\t\t\t\t\t\t\t\t\t<div class=\"elementor-repeater-item-1e95091 swiper-slide\" role=\"group\" aria-roledescription=\"slide\"><div class=\"swiper-slide-bg\" role=\"img\"><\/div><div class=\"swiper-slide-inner\" ><div class=\"swiper-slide-contents\"><div class=\"elementor-slide-heading\">Automotive<\/div><\/div><\/div><\/div><div class=\"elementor-repeater-item-2e528e7 swiper-slide\" role=\"group\" aria-roledescription=\"slide\"><div class=\"swiper-slide-bg\" role=\"img\"><\/div><div class=\"swiper-slide-inner\" ><div class=\"swiper-slide-contents\"><div class=\"elementor-slide-heading\">Aviation<\/div><\/div><\/div><\/div><div class=\"elementor-repeater-item-f0d7d23 swiper-slide\" role=\"group\" aria-roledescription=\"slide\"><div class=\"swiper-slide-bg\" role=\"img\"><\/div><div class=\"swiper-slide-inner\" ><div class=\"swiper-slide-contents\"><div class=\"elementor-slide-heading\">Energy<\/div><\/div><\/div><\/div><div class=\"elementor-repeater-item-e07ba47 swiper-slide\" role=\"group\" aria-roledescription=\"slide\"><div class=\"swiper-slide-bg\" role=\"img\"><\/div><div class=\"swiper-slide-inner\" ><div class=\"swiper-slide-contents\"><div class=\"elementor-slide-heading\">Education<\/div><\/div><\/div><\/div><div class=\"elementor-repeater-item-4c1b3eb swiper-slide\" role=\"group\" aria-roledescription=\"slide\"><div class=\"swiper-slide-bg\" role=\"img\"><\/div><div class=\"swiper-slide-inner\" ><div class=\"swiper-slide-contents\"><div class=\"elementor-slide-heading\">Financial Services<\/div><\/div><\/div><\/div><div class=\"elementor-repeater-item-2081051 swiper-slide\" role=\"group\" aria-roledescription=\"slide\"><div class=\"swiper-slide-bg\" role=\"img\"><\/div><div class=\"swiper-slide-inner\" ><div class=\"swiper-slide-contents\"><div class=\"elementor-slide-heading\">Government<\/div><\/div><\/div><\/div><div class=\"elementor-repeater-item-cc435d4 swiper-slide\" role=\"group\" aria-roledescription=\"slide\"><div class=\"swiper-slide-bg\" role=\"img\"><\/div><div class=\"swiper-slide-inner\" ><div class=\"swiper-slide-contents\"><div class=\"elementor-slide-heading\">Healthcare<\/div><\/div><\/div><\/div><div class=\"elementor-repeater-item-de3a9e6 swiper-slide\" role=\"group\" aria-roledescription=\"slide\"><div class=\"swiper-slide-bg\" role=\"img\"><\/div><div class=\"swiper-slide-inner\" ><div class=\"swiper-slide-contents\"><div class=\"elementor-slide-heading\">Legal<\/div><\/div><\/div><\/div><div class=\"elementor-repeater-item-6363b2e swiper-slide\" role=\"group\" aria-roledescription=\"slide\"><div class=\"swiper-slide-bg\" role=\"img\"><\/div><div class=\"swiper-slide-inner\" ><div class=\"swiper-slide-contents\"><div class=\"elementor-slide-heading\">Fabricaci\u00f3n<\/div><\/div><\/div><\/div><div class=\"elementor-repeater-item-af69002 swiper-slide\" role=\"group\" aria-roledescription=\"slide\"><div class=\"swiper-slide-bg\" role=\"img\"><\/div><div class=\"swiper-slide-inner\" ><div class=\"swiper-slide-contents\"><div class=\"elementor-slide-heading\">Inmobiliaria<\/div><\/div><\/div><\/div><div class=\"elementor-repeater-item-cbd6c40 swiper-slide\" role=\"group\" aria-roledescription=\"slide\"><div class=\"swiper-slide-bg\" role=\"img\"><\/div><div class=\"swiper-slide-inner\" ><div class=\"swiper-slide-contents\"><div class=\"elementor-slide-heading\">Venta al por menor<\/div><\/div><\/div><\/div><div class=\"elementor-repeater-item-a5a9dd8 swiper-slide\" role=\"group\" aria-roledescription=\"slide\"><div class=\"swiper-slide-bg\" role=\"img\"><\/div><div class=\"swiper-slide-inner\" ><div class=\"swiper-slide-contents\"><div class=\"elementor-slide-heading\">Telecomunicaciones<\/div><\/div><\/div><\/div><div class=\"elementor-repeater-item-0713c8d swiper-slide\" role=\"group\" aria-roledescription=\"slide\"><div class=\"swiper-slide-bg\" role=\"img\"><\/div><div class=\"swiper-slide-inner\" ><div class=\"swiper-slide-contents\"><div class=\"elementor-slide-heading\">Viajes<\/div><\/div><\/div><\/div>\t\t\t\t<\/div>\n\t\t\t\t\t\t\t\t\t\t\t\t\t\t\t<div class=\"swiper-pagination\"><\/div>\n\t\t\t\t\t\t\t\t\t\t\t\t\t\t\t\t<div class=\"elementor-swiper-button elementor-swiper-button-prev\" role=\"button\" tabindex=\"0\" aria-label=\"Diapositiva anterior\" data-no-translation-aria-label=\"\">\n\t\t\t\t\t\t\t<i aria-hidden=\"true\" class=\"eicon-chevron-left\"><\/i>\t\t\t\t\t\t<\/div>\n\t\t\t\t\t\t<div class=\"elementor-swiper-button elementor-swiper-button-next\" role=\"button\" tabindex=\"0\" aria-label=\"Diapositiva siguiente\" data-no-translation-aria-label=\"\">\n\t\t\t\t\t\t\t<i aria-hidden=\"true\" class=\"eicon-chevron-right\"><\/i>\t\t\t\t\t\t<\/div>\n\t\t\t\t\t\t\t\t\t\t\t\t<\/div>\n\t\t\t\t<\/div>\n\t\t\t\t\t\t\t\t<\/div>\n\t\t\t\t<\/div>\n\t\t\t\t<div class=\"elementor-element elementor-element-1ea85ce elementor-widget elementor-widget-spacer\" data-id=\"1ea85ce\" data-element_type=\"widget\" data-widget_type=\"spacer.default\">\n\t\t\t\t<div class=\"elementor-widget-container\">\n\t\t\t\t\t\t\t<div class=\"elementor-spacer\">\n\t\t\t<div class=\"elementor-spacer-inner\"><\/div>\n\t\t<\/div>\n\t\t\t\t\t\t<\/div>\n\t\t\t\t<\/div>\n\t\t\t\t\t<\/div>\n\t\t<\/div>\n\t\t\t\t\t<\/div>\n\t\t<\/section>\n\t\t\t\t<\/div>","protected":false},"excerpt":{"rendered":"<p>Industries We have a market presence since we serve a wide range of sectors, with various Cloud &amp; IT services carried out domestically and globally to enhance enterprises, projects, and trends. We recognize that obtaining all of the technical information for your business can be difficult due to the need to manage things outside of [&hellip;]<\/p>","protected":false},"author":4,"featured_media":0,"parent":0,"menu_order":0,"comment_status":"closed","ping_status":"closed","template":"","meta":{"footnotes":""},"class_list":["post-29","page","type-page","status-publish","hentry"],"_links":{"self":[{"href":"https:\/\/datacloudgt.com\/es\/wp-json\/wp\/v2\/pages\/29","targetHints":{"allow":["GET"]}}],"collection":[{"href":"https:\/\/datacloudgt.com\/es\/wp-json\/wp\/v2\/pages"}],"about":[{"href":"https:\/\/datacloudgt.com\/es\/wp-json\/wp\/v2\/types\/page"}],"author":[{"embeddable":true,"href":"https:\/\/datacloudgt.com\/es\/wp-json\/wp\/v2\/users\/4"}],"replies":[{"embeddable":true,"href":"https:\/\/datacloudgt.com\/es\/wp-json\/wp\/v2\/comments?post=29"}],"version-history":[{"count":7,"href":"https:\/\/datacloudgt.com\/es\/wp-json\/wp\/v2\/pages\/29\/revisions"}],"predecessor-version":[{"id":317,"href":"https:\/\/datacloudgt.com\/es\/wp-json\/wp\/v2\/pages\/29\/revisions\/317"}],"wp:attachment":[{"href":"https:\/\/datacloudgt.com\/es\/wp-json\/wp\/v2\/media?parent=29"}],"curies":[{"name":"wp","href":"https:\/\/api.w.org\/{rel}","templated":true}]}}