{"id":3,"date":"2022-06-20T20:28:53","date_gmt":"2022-06-20T20:28:53","guid":{"rendered":"https:\/\/datacloudgt.com\/?page_id=3"},"modified":"2022-06-27T00:46:55","modified_gmt":"2022-06-27T00:46:55","slug":"privacy-policy","status":"publish","type":"page","link":"https:\/\/datacloudgt.com\/es\/politicas-de-privacidad\/","title":{"rendered":"Privacy Policy"},"content":{"rendered":"<style>.elementor-3 .elementor-element.elementor-element-8e8e5c1{--spacer-size:70px;}.elementor-3 .elementor-element.elementor-element-102e744{text-align:center;}.elementor-3 .elementor-element.elementor-element-102e744 .elementor-heading-title{color:var( --e-global-color-primary );}.elementor-3 .elementor-element.elementor-element-c31a2d0{--spacer-size:50px;}.elementor-3 .elementor-element.elementor-element-7696f7b{--spacer-size:70px;}:root{--page-title-display:none;}<\/style>\t\t<div data-elementor-type=\"wp-page\" data-elementor-id=\"3\" class=\"elementor elementor-3\" data-elementor-post-type=\"page\">\n\t\t\t\t\t\t<section class=\"elementor-section elementor-top-section elementor-element elementor-element-66f4bec5 elementor-section-boxed elementor-section-height-default elementor-section-height-default\" data-id=\"66f4bec5\" data-element_type=\"section\">\n\t\t\t\t\t\t<div class=\"elementor-container elementor-column-gap-default\">\n\t\t\t\t\t<div class=\"elementor-column elementor-col-100 elementor-top-column elementor-element elementor-element-3592c972\" data-id=\"3592c972\" data-element_type=\"column\">\n\t\t\t<div class=\"elementor-widget-wrap elementor-element-populated\">\n\t\t\t\t\t\t<div class=\"elementor-element elementor-element-8e8e5c1 elementor-widget elementor-widget-spacer\" data-id=\"8e8e5c1\" data-element_type=\"widget\" data-widget_type=\"spacer.default\">\n\t\t\t\t<div class=\"elementor-widget-container\">\n\t\t\t\t\t\t\t<div class=\"elementor-spacer\">\n\t\t\t<div class=\"elementor-spacer-inner\"><\/div>\n\t\t<\/div>\n\t\t\t\t\t\t<\/div>\n\t\t\t\t<\/div>\n\t\t\t\t\t<\/div>\n\t\t<\/div>\n\t\t\t\t\t<\/div>\n\t\t<\/section>\n\t\t\t\t<section class=\"elementor-section elementor-top-section elementor-element elementor-element-16d29b0 elementor-section-boxed elementor-section-height-default elementor-section-height-default\" data-id=\"16d29b0\" data-element_type=\"section\">\n\t\t\t\t\t\t<div class=\"elementor-container elementor-column-gap-default\">\n\t\t\t\t\t<div class=\"elementor-column elementor-col-100 elementor-top-column elementor-element elementor-element-ef16878\" data-id=\"ef16878\" data-element_type=\"column\">\n\t\t\t<div class=\"elementor-widget-wrap elementor-element-populated\">\n\t\t\t\t\t\t<div class=\"elementor-element elementor-element-102e744 elementor-widget elementor-widget-heading\" data-id=\"102e744\" data-element_type=\"widget\" data-widget_type=\"heading.default\">\n\t\t\t\t<div class=\"elementor-widget-container\">\n\t\t\t\t\t<h1 class=\"elementor-heading-title elementor-size-default\">NUBE DE DATOS\nPOL\u00cdTICA DE PRIVACIDAD\n<\/h1>\t\t\t\t<\/div>\n\t\t\t\t<\/div>\n\t\t\t\t<div class=\"elementor-element elementor-element-c31a2d0 elementor-widget elementor-widget-spacer\" data-id=\"c31a2d0\" data-element_type=\"widget\" data-widget_type=\"spacer.default\">\n\t\t\t\t<div class=\"elementor-widget-container\">\n\t\t\t\t\t\t\t<div class=\"elementor-spacer\">\n\t\t\t<div class=\"elementor-spacer-inner\"><\/div>\n\t\t<\/div>\n\t\t\t\t\t\t<\/div>\n\t\t\t\t<\/div>\n\t\t\t\t<div class=\"elementor-element elementor-element-54468b7 elementor-widget elementor-widget-text-editor\" data-id=\"54468b7\" data-element_type=\"widget\" data-widget_type=\"text-editor.default\">\n\t\t\t\t<div class=\"elementor-widget-container\">\n\t\t\t\t\t\t\t\t\t<p>\u00daltima actualizaci\u00f3n: 20 de junio de 2022.<\/p>\n<p>La protecci\u00f3n de la privacidad del consumidor es importante para DATA CLOUD. Esta pol\u00edtica de privacidad describe nuestras pr\u00e1cticas generales y nuestra pol\u00edtica de aplicaci\u00f3n de los principios, incluidos los tipos de informaci\u00f3n que recopilamos, el modo en que la utilizamos, el aviso sobre nuestro uso que reciben las personas afectadas y las opciones de las que disponen sobre nuestro uso, as\u00ed como su capacidad para corregir dicha informaci\u00f3n.<\/p>\n<p>DATA CLOUD recoge datos del p\u00fablico en general a trav\u00e9s del sitio web de DATA CLOUD. Estos datos pueden incluir informaci\u00f3n proporcionada voluntariamente por el individuo que desea saber m\u00e1s sobre los datos o servicios de DATA CLOUD. Esta informaci\u00f3n indica qui\u00e9n ha accedido al sitio web de DATA CLOUD y qu\u00e9 p\u00e1ginas ha visitado. Este \u00faltimo tipo de datos puede incluir o no informaci\u00f3n personal. Estos datos se utilizan para los fines de marketing y ventas de DATA CLOUD y no se transmiten a terceros para ning\u00fan otro fin que no sea el de ayudar a DATA CLOUD en sus actividades de marketing y ventas.<\/p>\n<p>DATA CLOUD no vende estos datos a terceros. Los terceros que reciban estos datos est\u00e1n obligados a utilizarlos \u00fanicamente para el fin indicado y a preservar la confidencialidad de los mismos.<\/p>\n<p><strong>EDAD DE CONSENTIMIENTO<\/strong><\/p>\n<p>Al utilizar este sitio, usted declara que es mayor de edad en su estado o provincia de residencia y que nos ha dado su consentimiento para permitirnos hacer uso de la informaci\u00f3n recogida.<\/p>\n<p><strong>ELECCI\u00d3N<\/strong><\/p>\n<p>Los usuarios que hayan proporcionado informaci\u00f3n a DATA CLOUD a trav\u00e9s del sitio web pueden ponerse en contacto con DATA CLOUD para que se eliminen sus nombres y datos de las bases de datos de ventas y marketing de DATA CLOUD enviando un correo electr\u00f3nico a DATA CLOUD.<\/p>\n<p>DATA CLOUD cumple con la legislaci\u00f3n aplicable que exige que todos los correos electr\u00f3nicos de marketing incluyan una forma de optar por no recibirlos.<\/p>\n<p>Los usuarios cuya informaci\u00f3n personal es recopilada por los clientes de DATA CLOUD pueden optar por que DATA CLOUD no utilice su informaci\u00f3n poni\u00e9ndose en contacto con el cliente de DATA CLOUD que proporcion\u00f3 la informaci\u00f3n.<\/p>\n<p>Actualmente, DATA CLOUD no recoge informaci\u00f3n personal sensible. En el caso de que DATA CLOUD reciba informaci\u00f3n personal sensible, DATA CLOUD tratar\u00e1 la informaci\u00f3n personal sensible recibida de un individuo de la misma manera que el individuo tratar\u00eda e identificar\u00eda la informaci\u00f3n personal sensible.<\/p>\n<p><strong>USO DE COOKIES<\/strong><\/p>\n<p>Mientras navega por el sitio web de DATA CLOUD, se cargar\u00e1n cookies publicitarias en su ordenador para que podamos entender lo que le interesa. Nuestro socio de publicidad gr\u00e1fica, google AdWords, nos permitir\u00e1 presentarle anuncios que le redirigir\u00e1n a otros sitios en funci\u00f3n de su interacci\u00f3n anterior con DATA CLOUD.<\/p>\n<p>Las t\u00e9cnicas utilizadas por nuestros socios no recogen informaci\u00f3n personal, como el nombre, la direcci\u00f3n de correo electr\u00f3nico, la direcci\u00f3n o el n\u00famero de tel\u00e9fono. Puede visitar esta p\u00e1gina para excluirse del uso de AdWords y de la publicidad dirigida de nuestros socios.<\/p>\n<p>Los datos recogidos de los clientes en relaci\u00f3n con los servicios de DATA CLOUD pueden ser transferidos a:<\/p>\n<ul>\n<li>Organismos gubernamentales<\/li>\n<li>Proveedores de servicios<\/li>\n<\/ul>\n<p><strong>SEGURIDAD DE LOS DATOS<\/strong><\/p>\n<p>DATA CLOUD tomar\u00e1 medidas razonables para proteger la informaci\u00f3n de la p\u00e9rdida, el uso indebido, el acceso no autorizado, la divulgaci\u00f3n, la alteraci\u00f3n y la destrucci\u00f3n.<\/p>\n<p>DATA CLOUD ha implementado procedimientos administrativos, electr\u00f3nicos y f\u00edsicos para asegurar y proteger la informaci\u00f3n de la p\u00e9rdida, el mal uso, el acceso no autorizado, la divulgaci\u00f3n, la alteraci\u00f3n y la destrucci\u00f3n. Aunque la informaci\u00f3n que DATA CLOUD env\u00eda y recibe es segura porque se basa en las mejores pr\u00e1cticas del sector, DATA CLOUD no puede garantizar la seguridad de la informaci\u00f3n disponible en Internet o transmitida en l\u00ednea.<\/p>\n<p><strong>INTEGRIDAD DE LOS DATOS<\/strong><\/p>\n<p>DATA CLOUD s\u00f3lo procesar\u00e1 la informaci\u00f3n personal de una manera que sea relevante y compatible con el prop\u00f3sito para el que fue recogida o autorizada por el individuo. En la medida en que sea necesario para dichos fines, DATA CLOUD tomar\u00e1 medidas razonables para garantizar que dicha informaci\u00f3n personal sea precisa, completa, actual y fiable para el uso previsto.<\/p>\n<p><strong>\u00bfCU\u00c1NTO TIEMPO CONSERVAMOS SUS DATOS?<\/strong><\/p>\n<p>Conservaremos su informaci\u00f3n personal s\u00f3lo durante el tiempo necesario para facilitar los servicios que le proporcionamos o como se indica en los fines descritos en esta pol\u00edtica de privacidad.<\/p>\n<p><strong>CAMBIOS EN ESTA POL\u00cdTICA DE PRIVACIDAD<\/strong><\/p>\n<p>Nos reservamos el derecho a modificar esta pol\u00edtica de privacidad en cualquier momento, por lo que le rogamos que la revise con frecuencia.<\/p>\n<p>Los cambios y aclaraciones entrar\u00e1n en vigor inmediatamente despu\u00e9s de su publicaci\u00f3n en el sitio web. Si realizamos cambios materiales en esta pol\u00edtica, le notificaremos aqu\u00ed que ha sido actualizada, para que est\u00e9 al tanto de qu\u00e9 informaci\u00f3n recopilamos, c\u00f3mo y bajo qu\u00e9 circunstancias, si las hay, la utilizamos y\/o divulgamos.<\/p>\n<p><strong>QUEJAS Y CONSULTAS DE LOS USUARIOS<\/strong><\/p>\n<p>Si no est\u00e1 satisfecho con el uso que hacemos de su informaci\u00f3n personal o tiene alguna duda sobre esta pol\u00edtica, puede ponerse en contacto con nosotros enviando un correo electr\u00f3nico a <a href=\"mailto:info.data@datacloudgt.com\">info.data@datacloudgt.com<\/a>.<\/p>\t\t\t\t\t\t\t\t<\/div>\n\t\t\t\t<\/div>\n\t\t\t\t<div class=\"elementor-element elementor-element-7696f7b elementor-widget elementor-widget-spacer\" data-id=\"7696f7b\" data-element_type=\"widget\" data-widget_type=\"spacer.default\">\n\t\t\t\t<div class=\"elementor-widget-container\">\n\t\t\t\t\t\t\t<div class=\"elementor-spacer\">\n\t\t\t<div class=\"elementor-spacer-inner\"><\/div>\n\t\t<\/div>\n\t\t\t\t\t\t<\/div>\n\t\t\t\t<\/div>\n\t\t\t\t\t<\/div>\n\t\t<\/div>\n\t\t\t\t\t<\/div>\n\t\t<\/section>\n\t\t\t\t<\/div>","protected":false},"excerpt":{"rendered":"<p>DATA CLOUD PRIVACY POLICY Last updated June 20st, 2022. Protecting consumer privacy is important to DATA CLOUD. This privacy policy describes our general practices and policy to implement the principles, including the types of information we collect, how we use it, the notice about our use that affected individuals receive, and the choices available to [&hellip;]<\/p>","protected":false},"author":4,"featured_media":0,"parent":0,"menu_order":0,"comment_status":"closed","ping_status":"open","template":"","meta":{"footnotes":""},"class_list":["post-3","page","type-page","status-publish","hentry"],"_links":{"self":[{"href":"https:\/\/datacloudgt.com\/es\/wp-json\/wp\/v2\/pages\/3","targetHints":{"allow":["GET"]}}],"collection":[{"href":"https:\/\/datacloudgt.com\/es\/wp-json\/wp\/v2\/pages"}],"about":[{"href":"https:\/\/datacloudgt.com\/es\/wp-json\/wp\/v2\/types\/page"}],"author":[{"embeddable":true,"href":"https:\/\/datacloudgt.com\/es\/wp-json\/wp\/v2\/users\/4"}],"replies":[{"embeddable":true,"href":"https:\/\/datacloudgt.com\/es\/wp-json\/wp\/v2\/comments?post=3"}],"version-history":[{"count":21,"href":"https:\/\/datacloudgt.com\/es\/wp-json\/wp\/v2\/pages\/3\/revisions"}],"predecessor-version":[{"id":245,"href":"https:\/\/datacloudgt.com\/es\/wp-json\/wp\/v2\/pages\/3\/revisions\/245"}],"wp:attachment":[{"href":"https:\/\/datacloudgt.com\/es\/wp-json\/wp\/v2\/media?parent=3"}],"curies":[{"name":"wp","href":"https:\/\/api.w.org\/{rel}","templated":true}]}}